{"id":12,"date":"2026-01-21T10:46:40","date_gmt":"2026-01-21T10:46:40","guid":{"rendered":"https:\/\/www.infos-conducteurs.ovh\/?page_id=12"},"modified":"2026-01-21T19:34:37","modified_gmt":"2026-01-21T19:34:37","slug":"droits-realite-du-terrain","status":"publish","type":"page","link":"https:\/\/www.infos-conducteurs.ovh\/","title":{"rendered":"Bienvenue ! Prenez place&#8230;"},"content":{"rendered":"\t\t<div data-elementor-type=\"wp-page\" data-elementor-id=\"12\" class=\"elementor elementor-12\">\n\t\t\t\t<div class=\"elementor-element elementor-element-5ba65c0 e-flex e-con-boxed e-con e-parent\" data-id=\"5ba65c0\" data-element_type=\"container\">\n\t\t\t\t\t<div class=\"e-con-inner\">\n\t\t\t\t<div class=\"elementor-element elementor-element-8d28222 animated-fast elementor-invisible elementor-widget elementor-widget-image\" data-id=\"8d28222\" data-element_type=\"widget\" data-settings=\"{&quot;_animation&quot;:&quot;bounceIn&quot;}\" data-widget_type=\"image.default\">\n\t\t\t\t\t\t\t\t\t\t\t\t\t\t\t<img fetchpriority=\"high\" decoding=\"async\" width=\"378\" height=\"378\" src=\"https:\/\/www.infos-conducteurs.ovh\/wp-content\/uploads\/2026\/01\/logoooo.png\" class=\"attachment-full size-full wp-image-83\" alt=\"\" srcset=\"https:\/\/www.infos-conducteurs.ovh\/wp-content\/uploads\/2026\/01\/logoooo.png 378w, https:\/\/www.infos-conducteurs.ovh\/wp-content\/uploads\/2026\/01\/logoooo-300x300.png 300w, https:\/\/www.infos-conducteurs.ovh\/wp-content\/uploads\/2026\/01\/logoooo-150x150.png 150w\" sizes=\"(max-width: 378px) 100vw, 378px\" \/>\t\t\t\t\t\t\t\t\t\t\t\t\t\t\t<\/div>\n\t\t\t\t<div class=\"elementor-element elementor-element-61476b1 elementor-widget elementor-widget-heading\" data-id=\"61476b1\" data-element_type=\"widget\" data-widget_type=\"heading.default\">\n\t\t\t\t\t<h2 class=\"elementor-heading-title elementor-size-default\">Sans compr\u00e9hension, il n\u2019y a pas de droit effectif...<\/h2>\t\t\t\t<\/div>\n\t\t\t\t<div class=\"elementor-element elementor-element-1895c98 elementor-widget elementor-widget-text-editor\" data-id=\"1895c98\" data-element_type=\"widget\" data-widget_type=\"text-editor.default\">\n\t\t\t\t\t\t\t\t\t<p class=\"p3\">Ce site a pour objectif de mettre \u00e0 disposition des salari\u00e9s une information <span class=\"s2\"><b>claire, accessible et v\u00e9rifiable<\/b><\/span> sur leurs droits au travail.<\/p><p class=\"p3\">Trop souvent, par manque d\u2019information, par isolement ou par crainte des cons\u00e9quences, des situations irr\u00e9guli\u00e8res perdurent : heures non r\u00e9mun\u00e9r\u00e9es, cong\u00e9s mal appliqu\u00e9s, erreurs de paie, consignes floues, ou absence de r\u00e9ponses de l\u2019employeur.<\/p><p class=\"p3\">Ces situations ne sont pas toujours intentionnelles, mais elles produisent des effets r\u00e9els sur la vie professionnelle, financi\u00e8re et personnelle des salari\u00e9s.<\/p><p class=\"p3\">Ici, vous trouverez :<\/p><p class=\"p1\">\u00a0<\/p><ul><li><p class=\"p1\">des <span class=\"s1\"><b>rep\u00e8res juridiques simples<\/b><\/span>, bas\u00e9s sur le droit du travail fran\u00e7ais,<\/p><\/li><li><p class=\"p1\">des <span class=\"s1\"><b>explications concr\u00e8tes<\/b><\/span>, issues de situations r\u00e9ellement rencontr\u00e9es sur le terrain,<\/p><\/li><li><p class=\"p1\">des <span class=\"s1\"><b>outils pratiques<\/b><\/span> pour comprendre une fiche de paie, un contrat, un avenant ou un planning,<\/p><\/li><li><p class=\"p1\">des <span class=\"s1\"><b>pistes de recours<\/b><\/span> lorsque le dialogue ne suffit plus.<\/p><\/li><\/ul><p>\u00a0<\/p><p class=\"p3\">Ce site ne remplace ni un avocat, ni une administration, ni une juridiction.<\/p><p class=\"p4\"><span class=\"s3\">Il a vocation \u00e0 <\/span><b>redonner de la visibilit\u00e9<\/b><span class=\"s3\">, \u00e0 <\/span><b>permettre de comprendre<\/b><span class=\"s3\">, et \u00e0 <\/span><b>\u00e9viter que l\u2019ignorance des r\u00e8gles ne devienne un d\u00e9savantage<\/b><span class=\"s3\">.<\/span><\/p><p class=\"p3\">S\u2019informer, ce n\u2019est pas s\u2019opposer.<\/p><p class=\"p3\">C\u2019est simplement exercer ses droits, dans un cadre l\u00e9gal et respectueux.<\/p>\t\t\t\t\t\t\t\t<\/div>\n\t\t\t\t\t<\/div>\n\t\t\t\t<\/div>\n\t\t<div class=\"elementor-element elementor-element-8ee4509 e-flex e-con-boxed e-con e-parent\" data-id=\"8ee4509\" data-element_type=\"container\">\n\t\t\t\t\t<div class=\"e-con-inner\">\n\t\t\t\t<div class=\"elementor-element elementor-element-7f4b549 elementor-widget elementor-widget-text-editor\" data-id=\"7f4b549\" data-element_type=\"widget\" data-widget_type=\"text-editor.default\">\n\t\t\t\t\t\t\t\t\t<p class=\"p1\">Ce site est enti\u00e8rement ind\u00e9pendant.<\/p><p class=\"p1\">Il ne contient <span class=\"s1\"><b>aucune publicit\u00e9<\/b><\/span>, <span class=\"s1\"><b>aucun syst\u00e8me de suivi<\/b><\/span>, <span class=\"s1\"><b>aucun cookie<\/b><\/span>, <span class=\"s1\"><b>aucun tra\u00e7age<\/b><\/span>, ni outil d\u2019analyse ou de collecte de donn\u00e9es personnelles.<\/p><p class=\"p2\"><span class=\"s2\">Votre navigation est <\/span><b>libre, anonyme et respect\u00e9e<\/b><span class=\"s2\">.<\/span><\/p>\t\t\t\t\t\t\t\t<\/div>\n\t\t\t\t\t<\/div>\n\t\t\t\t<\/div>\n\t\t\t\t<\/div>\n\t\t","protected":false},"excerpt":{"rendered":"<p>Sans compr\u00e9hension, il n\u2019y a pas de droit effectif&#8230; Ce site a pour objectif de mettre \u00e0 disposition des salari\u00e9s une information claire, accessible et v\u00e9rifiable sur leurs droits au travail. Trop souvent, par manque d\u2019information, par isolement ou par crainte des cons\u00e9quences, des situations irr\u00e9guli\u00e8res perdurent : heures non r\u00e9mun\u00e9r\u00e9es, cong\u00e9s mal appliqu\u00e9s, erreurs [&hellip;]<\/p>\n","protected":false},"author":1,"featured_media":0,"parent":0,"menu_order":0,"comment_status":"closed","ping_status":"closed","template":"","meta":{"footnotes":""},"class_list":["post-12","page","type-page","status-publish","hentry"],"_links":{"self":[{"href":"https:\/\/www.infos-conducteurs.ovh\/index.php\/wp-json\/wp\/v2\/pages\/12","targetHints":{"allow":["GET"]}}],"collection":[{"href":"https:\/\/www.infos-conducteurs.ovh\/index.php\/wp-json\/wp\/v2\/pages"}],"about":[{"href":"https:\/\/www.infos-conducteurs.ovh\/index.php\/wp-json\/wp\/v2\/types\/page"}],"author":[{"embeddable":true,"href":"https:\/\/www.infos-conducteurs.ovh\/index.php\/wp-json\/wp\/v2\/users\/1"}],"replies":[{"embeddable":true,"href":"https:\/\/www.infos-conducteurs.ovh\/index.php\/wp-json\/wp\/v2\/comments?post=12"}],"version-history":[{"count":26,"href":"https:\/\/www.infos-conducteurs.ovh\/index.php\/wp-json\/wp\/v2\/pages\/12\/revisions"}],"predecessor-version":[{"id":86,"href":"https:\/\/www.infos-conducteurs.ovh\/index.php\/wp-json\/wp\/v2\/pages\/12\/revisions\/86"}],"wp:attachment":[{"href":"https:\/\/www.infos-conducteurs.ovh\/index.php\/wp-json\/wp\/v2\/media?parent=12"}],"curies":[{"name":"wp","href":"https:\/\/api.w.org\/{rel}","templated":true}]}}