{"id":37,"date":"2026-01-21T11:08:03","date_gmt":"2026-01-21T11:08:03","guid":{"rendered":"https:\/\/www.infos-conducteurs.ovh\/?page_id=37"},"modified":"2026-01-21T13:11:22","modified_gmt":"2026-01-21T13:11:22","slug":"tes-droits-essentiels","status":"publish","type":"page","link":"https:\/\/www.infos-conducteurs.ovh\/index.php\/tes-droits-essentiels\/","title":{"rendered":"Droits essentiels"},"content":{"rendered":"\t\t<div data-elementor-type=\"wp-page\" data-elementor-id=\"37\" class=\"elementor elementor-37\">\n\t\t\t\t<div class=\"elementor-element elementor-element-d6e829b e-flex e-con-boxed e-con e-parent\" data-id=\"d6e829b\" data-element_type=\"container\">\n\t\t\t\t\t<div class=\"e-con-inner\">\n\t\t\t\t<div class=\"elementor-element elementor-element-36db8b1a elementor-widget elementor-widget-text-editor\" data-id=\"36db8b1a\" data-element_type=\"widget\" data-widget_type=\"text-editor.default\">\n\t\t\t\t\t\t\t\t\t\n<h2 class=\"wp-block-heading\"><br \/><strong>Le temps de travail<\/strong><\/h2>\n\n<p><strong>Toute heure travaill\u00e9e doit \u00eatre pay\u00e9e<\/strong><\/p>\n\n<p>Peu importe :<\/p>\n\n<ul>\n<li>qu\u2019elle soit demand\u00e9e oralement ou par \u00e9crit<\/li>\n<li>qu\u2019elle apparaisse ou non sur un planning<\/li>\n<li>qu\u2019elle soit \u201cexceptionnelle\u201d, \u201curgente\u201d ou \u201cponctuelle\u201d<\/li>\n<\/ul>\n\n<h2 class=\"wp-block-heading\"><br \/><strong>La r\u00e9mun\u00e9ration<\/strong><\/h2>\n\n<p><strong>Le salaire doit correspondre au travail r\u00e9el<\/strong><\/p>\n\n<p>Un contrat \u00e0 temps partiel\u00a0<strong>n\u2019autorise pas<\/strong>\u00a0\u00e0 :<\/p>\n\n<ul>\n<li>faire travailler plus sans payer<\/li>\n<li>lisser ou \u201crattraper plus tard\u201d<\/li>\n<li>r\u00e9gulariser a posteriori sans ton accord<\/li>\n<\/ul>\n\n<p>\u00a0<\/p>\n<p><strong>Les heures suppl\u00e9mentaires existent aussi pour les temps partiels<\/strong><\/p>\n\n<h2 class=\"wp-block-heading\"><br \/><strong>Les bulletins de paie<\/strong><\/h2>\n\n<ul class=\"wp-block-list\">\n<li>Ils doivent \u00eatre :\n<ul class=\"wp-block-list\">\n<li>exacts<\/li>\n\n<li>compr\u00e9hensibles<\/li>\n\n<li>remis\u00a0<strong>chaque mois<\/strong>, sans retard<\/li>\n<\/ul>\n<\/li>\n\n<li>Tu as le droit :\n<ul class=\"wp-block-list\">\n<li>de demander des\u00a0<strong>duplicatas<\/strong><\/li>\n\n<li>d\u2019exiger des\u00a0<strong>explications \u00e9crites<\/strong><\/li>\n<\/ul>\n<\/li>\n<\/ul>\n\n<p>Un bulletin faux ou incomplet est une\u00a0<strong>faute de l\u2019employeur<\/strong>.<\/p>\n\n<h2 class=\"wp-block-heading\"><br \/><strong>Le contrat et les avenants<\/strong><\/h2>\n\n<p>Un avenant doit \u00eatre :<\/p>\n\n<p><strong>-propos\u00e9 avant<\/strong>\u00a0la p\u00e9riode concern\u00e9e<\/p>\n\n<p>&#8211;<strong>sign\u00e9 librement<\/strong><\/p>\n\n<p>&#8211;<strong>coh\u00e9rent dans ses dates<\/strong><\/p>\n\n<p>Un avenant :<\/p>\n\n<ul>\n<li>remis apr\u00e8s coup<\/li>\n<li>antidat\u00e9<\/li>\n<li>incoh\u00e9rent<\/li>\n<\/ul>\n\n<p>\u00a0<strong>n\u2019a aucune valeur protectrice pour l\u2019employeur<\/strong><\/p>\n\n<p>\u00a0<\/p>\n\t\t\t\t\t\t\t\t<\/div>\n\t\t\t\t\t<\/div>\n\t\t\t\t<\/div>\n\t\t\t\t<\/div>\n\t\t","protected":false},"excerpt":{"rendered":"<p>Le temps de travail Toute heure travaill\u00e9e doit \u00eatre pay\u00e9e Peu importe : qu\u2019elle soit demand\u00e9e oralement ou par \u00e9crit qu\u2019elle apparaisse ou non sur un planning qu\u2019elle soit \u201cexceptionnelle\u201d, \u201curgente\u201d ou \u201cponctuelle\u201d La r\u00e9mun\u00e9ration Le salaire doit correspondre au travail r\u00e9el Un contrat \u00e0 temps partiel\u00a0n\u2019autorise pas\u00a0\u00e0 : faire travailler plus sans payer lisser [&hellip;]<\/p>\n","protected":false},"author":1,"featured_media":0,"parent":0,"menu_order":0,"comment_status":"closed","ping_status":"closed","template":"","meta":{"footnotes":""},"class_list":["post-37","page","type-page","status-publish","hentry"],"_links":{"self":[{"href":"https:\/\/www.infos-conducteurs.ovh\/index.php\/wp-json\/wp\/v2\/pages\/37","targetHints":{"allow":["GET"]}}],"collection":[{"href":"https:\/\/www.infos-conducteurs.ovh\/index.php\/wp-json\/wp\/v2\/pages"}],"about":[{"href":"https:\/\/www.infos-conducteurs.ovh\/index.php\/wp-json\/wp\/v2\/types\/page"}],"author":[{"embeddable":true,"href":"https:\/\/www.infos-conducteurs.ovh\/index.php\/wp-json\/wp\/v2\/users\/1"}],"replies":[{"embeddable":true,"href":"https:\/\/www.infos-conducteurs.ovh\/index.php\/wp-json\/wp\/v2\/comments?post=37"}],"version-history":[{"count":8,"href":"https:\/\/www.infos-conducteurs.ovh\/index.php\/wp-json\/wp\/v2\/pages\/37\/revisions"}],"predecessor-version":[{"id":68,"href":"https:\/\/www.infos-conducteurs.ovh\/index.php\/wp-json\/wp\/v2\/pages\/37\/revisions\/68"}],"wp:attachment":[{"href":"https:\/\/www.infos-conducteurs.ovh\/index.php\/wp-json\/wp\/v2\/media?parent=37"}],"curies":[{"name":"wp","href":"https:\/\/api.w.org\/{rel}","templated":true}]}}